{"id":4354,"date":"2022-12-30T13:08:28","date_gmt":"2022-12-30T12:08:28","guid":{"rendered":"http:\/\/facerehab.com\/kontaktujte-nas\/"},"modified":"2024-01-06T03:05:29","modified_gmt":"2024-01-06T02:05:29","slug":"kontaktujte-nas","status":"publish","type":"page","link":"https:\/\/facerehab.com\/sk\/kontaktujte-nas\/","title":{"rendered":"kontaktujte n\u00e1s"},"content":{"rendered":"\t\t<div data-elementor-type=\"wp-page\" data-elementor-id=\"4354\" class=\"elementor elementor-4354 elementor-3300\">\n\t\t\t\t\t\t\t\t\t<section class=\"elementor-section elementor-top-section elementor-element elementor-element-18253d9 elementor-section-boxed elementor-section-height-default elementor-section-height-default wpr-particle-no wpr-jarallax-no wpr-parallax-no wpr-sticky-section-no\" data-id=\"18253d9\" data-element_type=\"section\">\n\t\t\t\t\t\t<div class=\"elementor-container elementor-column-gap-default\">\n\t\t\t\t\t<div class=\"elementor-column elementor-col-50 elementor-top-column elementor-element elementor-element-6f794eb\" data-id=\"6f794eb\" data-element_type=\"column\">\n\t\t\t<div class=\"elementor-widget-wrap elementor-element-populated\">\n\t\t\t\t\t\t\t\t<div class=\"elementor-element elementor-element-4832c27 elementor-invisible elementor-widget elementor-widget-heading\" data-id=\"4832c27\" data-element_type=\"widget\" data-settings=\"{&quot;_animation&quot;:&quot;slideInLeft&quot;,&quot;_animation_delay&quot;:100}\" data-widget_type=\"heading.default\">\n\t\t\t\t<div class=\"elementor-widget-container\">\n\t\t\t<style>\/*! elementor - v3.18.0 - 20-12-2023 *\/\n.elementor-heading-title{padding:0;margin:0;line-height:1}.elementor-widget-heading .elementor-heading-title[class*=elementor-size-]>a{color:inherit;font-size:inherit;line-height:inherit}.elementor-widget-heading .elementor-heading-title.elementor-size-small{font-size:15px}.elementor-widget-heading .elementor-heading-title.elementor-size-medium{font-size:19px}.elementor-widget-heading .elementor-heading-title.elementor-size-large{font-size:29px}.elementor-widget-heading .elementor-heading-title.elementor-size-xl{font-size:39px}.elementor-widget-heading .elementor-heading-title.elementor-size-xxl{font-size:59px}<\/style><h2 class=\"elementor-heading-title elementor-size-default\">Kontaktujte n\u00e1s<\/h2>\t\t<\/div>\n\t\t\t\t<\/div>\n\t\t\t\t<div class=\"elementor-element elementor-element-dd9057f elementor-invisible elementor-widget elementor-widget-text-editor\" data-id=\"dd9057f\" data-element_type=\"widget\" data-settings=\"{&quot;_animation&quot;:&quot;slideInLeft&quot;,&quot;_animation_delay&quot;:200}\" data-widget_type=\"text-editor.default\">\n\t\t\t\t<div class=\"elementor-widget-container\">\n\t\t\t<style>\/*! elementor - v3.18.0 - 20-12-2023 *\/\n.elementor-widget-text-editor.elementor-drop-cap-view-stacked .elementor-drop-cap{background-color:#69727d;color:#fff}.elementor-widget-text-editor.elementor-drop-cap-view-framed .elementor-drop-cap{color:#69727d;border:3px solid;background-color:transparent}.elementor-widget-text-editor:not(.elementor-drop-cap-view-default) .elementor-drop-cap{margin-top:8px}.elementor-widget-text-editor:not(.elementor-drop-cap-view-default) .elementor-drop-cap-letter{width:1em;height:1em}.elementor-widget-text-editor .elementor-drop-cap{float:left;text-align:center;line-height:1;font-size:50px}.elementor-widget-text-editor .elementor-drop-cap-letter{display:inline-block}<\/style>\t\t\t\t<p>Na\u0161\u00edm poslan\u00edm je vytvori\u0165 osobn\u00e9ho sprievodcu, ktor\u00fd pom\u00f4\u017ee <b>zlep\u0161i\u0165 kvalitu \u017eivota t\u00fdm<\/b>, ktor\u00ed trpia ochoreniami, ako je paral\u00fdza tv\u00e1re, dysfunkcia temporomandiul\u00e1rneho k\u013abu, Bellova obrna alebo in\u00fdmi probl\u00e9mami a ochoreniami s tv\u00e1rov\u00fdmi svalmi. Pon\u00fakame interakt\u00edvne cvi\u010denia zameran\u00e9 na <b>zv\u00fd\u0161enie pohyblivosti<\/b> tv\u00e1rov\u00fdch svalov a zlep\u0161enie celkov\u00e9ho vzh\u013eadu.<\/p>\n<p>Pre viac inform\u00e1ci\u00ed n\u00e1s, pros\u00edm, kontaktujte.<\/p>\n\t\t\t\t\t\t<\/div>\n\t\t\t\t<\/div>\n\t\t\t\t<div class=\"elementor-element elementor-element-ec6a66c elementor-widget elementor-widget-html\" data-id=\"ec6a66c\" data-element_type=\"widget\" data-widget_type=\"html.default\">\n\t\t\t\t<div class=\"elementor-widget-container\">\n\t\t\t<script>jQuery( document ).ready(function( $ ){\r\njQuery('#contact_form_sk').on('submit_success', function() {\r\n\r\nwindow.dataLayer = window.dataLayer || [];\r\nwindow.dataLayer.push({'event': 'generate_lead','lead_type': 'contact'\r\n});\r\n});\r\n});<\/script>\t\t<\/div>\n\t\t\t\t<\/div>\n\t\t\t\t<div class=\"elementor-element elementor-element-fd538aa elementor-button-align-start elementor-invisible elementor-widget elementor-widget-form\" data-id=\"fd538aa\" data-element_type=\"widget\" data-settings=\"{&quot;step_next_label&quot;:&quot;Nasleduj\\u00face&quot;,&quot;step_previous_label&quot;:&quot;Predch\\u00e1dzaj\\u00face&quot;,&quot;_animation&quot;:&quot;slideInLeft&quot;,&quot;step_type&quot;:&quot;number_text&quot;,&quot;step_icon_shape&quot;:&quot;circle&quot;}\" data-widget_type=\"form.default\">\n\t\t\t\t<div class=\"elementor-widget-container\">\n\t\t\t<style>\/*! elementor-pro - v3.13.0 - 08-05-2023 *\/\n.elementor-button.elementor-hidden,.elementor-hidden{display:none}.e-form__step{width:100%}.e-form__step:not(.elementor-hidden){display:flex;flex-wrap:wrap}.e-form__buttons{flex-wrap:wrap}.e-form__buttons,.e-form__buttons__wrapper{display:flex}.e-form__indicators{display:flex;justify-content:space-between;align-items:center;flex-wrap:nowrap;font-size:13px;margin-bottom:var(--e-form-steps-indicators-spacing)}.e-form__indicators__indicator{display:flex;flex-direction:column;align-items:center;justify-content:center;flex-basis:0;padding:0 var(--e-form-steps-divider-gap)}.e-form__indicators__indicator__progress{width:100%;position:relative;background-color:var(--e-form-steps-indicator-progress-background-color);border-radius:var(--e-form-steps-indicator-progress-border-radius);overflow:hidden}.e-form__indicators__indicator__progress__meter{width:var(--e-form-steps-indicator-progress-meter-width,0);height:var(--e-form-steps-indicator-progress-height);line-height:var(--e-form-steps-indicator-progress-height);padding-right:15px;border-radius:var(--e-form-steps-indicator-progress-border-radius);background-color:var(--e-form-steps-indicator-progress-color);color:var(--e-form-steps-indicator-progress-meter-color);text-align:right;transition:width .1s linear}.e-form__indicators__indicator:first-child{padding-left:0}.e-form__indicators__indicator:last-child{padding-right:0}.e-form__indicators__indicator--state-inactive{color:var(--e-form-steps-indicator-inactive-primary-color,#c2cbd2)}.e-form__indicators__indicator--state-inactive [class*=indicator--shape-]:not(.e-form__indicators__indicator--shape-none){background-color:var(--e-form-steps-indicator-inactive-secondary-color,#fff)}.e-form__indicators__indicator--state-inactive object,.e-form__indicators__indicator--state-inactive svg{fill:var(--e-form-steps-indicator-inactive-primary-color,#c2cbd2)}.e-form__indicators__indicator--state-active{color:var(--e-form-steps-indicator-active-primary-color,#39b54a);border-color:var(--e-form-steps-indicator-active-secondary-color,#fff)}.e-form__indicators__indicator--state-active [class*=indicator--shape-]:not(.e-form__indicators__indicator--shape-none){background-color:var(--e-form-steps-indicator-active-secondary-color,#fff)}.e-form__indicators__indicator--state-active object,.e-form__indicators__indicator--state-active svg{fill:var(--e-form-steps-indicator-active-primary-color,#39b54a)}.e-form__indicators__indicator--state-completed{color:var(--e-form-steps-indicator-completed-secondary-color,#fff)}.e-form__indicators__indicator--state-completed [class*=indicator--shape-]:not(.e-form__indicators__indicator--shape-none){background-color:var(--e-form-steps-indicator-completed-primary-color,#39b54a)}.e-form__indicators__indicator--state-completed .e-form__indicators__indicator__label{color:var(--e-form-steps-indicator-completed-primary-color,#39b54a)}.e-form__indicators__indicator--state-completed .e-form__indicators__indicator--shape-none{color:var(--e-form-steps-indicator-completed-primary-color,#39b54a);background-color:initial}.e-form__indicators__indicator--state-completed object,.e-form__indicators__indicator--state-completed svg{fill:var(--e-form-steps-indicator-completed-secondary-color,#fff)}.e-form__indicators__indicator__icon{width:var(--e-form-steps-indicator-padding,30px);height:var(--e-form-steps-indicator-padding,30px);font-size:var(--e-form-steps-indicator-icon-size);border-width:1px;border-style:solid;display:flex;justify-content:center;align-items:center;overflow:hidden;margin-bottom:10px}.e-form__indicators__indicator__icon img,.e-form__indicators__indicator__icon object,.e-form__indicators__indicator__icon svg{width:var(--e-form-steps-indicator-icon-size);height:auto}.e-form__indicators__indicator__icon .e-font-icon-svg{height:1em}.e-form__indicators__indicator__number{width:var(--e-form-steps-indicator-padding,30px);height:var(--e-form-steps-indicator-padding,30px);border-width:1px;border-style:solid;display:flex;justify-content:center;align-items:center;margin-bottom:10px}.e-form__indicators__indicator--shape-circle{border-radius:50%}.e-form__indicators__indicator--shape-square{border-radius:0}.e-form__indicators__indicator--shape-rounded{border-radius:5px}.e-form__indicators__indicator--shape-none{border:0}.e-form__indicators__indicator__label{text-align:center}.e-form__indicators__indicator__separator{width:100%;height:var(--e-form-steps-divider-width);background-color:#babfc5}.e-form__indicators--type-icon,.e-form__indicators--type-icon_text,.e-form__indicators--type-number,.e-form__indicators--type-number_text{align-items:flex-start}.e-form__indicators--type-icon .e-form__indicators__indicator__separator,.e-form__indicators--type-icon_text .e-form__indicators__indicator__separator,.e-form__indicators--type-number .e-form__indicators__indicator__separator,.e-form__indicators--type-number_text .e-form__indicators__indicator__separator{margin-top:calc(var(--e-form-steps-indicator-padding, 30px) \/ 2 - var(--e-form-steps-divider-width, 1px) \/ 2)}.elementor-field-type-hidden{display:none}.elementor-field-type-html{display:inline-block}.elementor-login .elementor-lost-password,.elementor-login .elementor-remember-me{font-size:.85em}.elementor-field-type-recaptcha_v3 .elementor-field-label{display:none}.elementor-field-type-recaptcha_v3 .grecaptcha-badge{z-index:1}.elementor-button .elementor-form-spinner{order:3}.elementor-form .elementor-button>span{display:flex;justify-content:center;align-items:center}.elementor-form .elementor-button .elementor-button-text{white-space:normal;flex-grow:0}.elementor-form .elementor-button svg{height:auto}.elementor-form .elementor-button .e-font-icon-svg{height:1em}.elementor-select-wrapper .select-caret-down-wrapper{position:absolute;top:50%;transform:translateY(-50%);inset-inline-end:10px;pointer-events:none;font-size:11px}.elementor-select-wrapper .select-caret-down-wrapper svg{display:unset;width:1em;aspect-ratio:unset;fill:currentColor}.elementor-select-wrapper .select-caret-down-wrapper i{font-size:19px;line-height:2}.elementor-select-wrapper.remove-before:before{content:\"\"!important}<\/style>\t\t<form class=\"elementor-form\" method=\"post\" id=\"contact_form_sk\" name=\"New Form\">\n\t\t\t<input type=\"hidden\" name=\"post_id\" value=\"4354\"\/>\n\t\t\t<input type=\"hidden\" name=\"form_id\" value=\"fd538aa\"\/>\n\t\t\t<input type=\"hidden\" name=\"referer_title\" value=\"FaceRehab\" \/>\n\n\t\t\t\n\t\t\t<div class=\"elementor-form-fields-wrapper elementor-labels-above\">\n\t\t\t\t\t\t\t\t<div class=\"elementor-field-type-text elementor-field-group elementor-column elementor-field-group-name elementor-col-50 elementor-field-required\">\n\t\t\t\t\t\t\t\t\t\t\t\t\t<input size=\"1\" type=\"text\" name=\"form_fields[name]\" id=\"form-field-name\" class=\"elementor-field elementor-size-sm  elementor-field-textual\" placeholder=\"Meno\" required=\"required\" aria-required=\"true\">\n\t\t\t\t\t\t\t\t\t\t\t<\/div>\n\t\t\t\t\t\t\t\t<div class=\"elementor-field-type-text elementor-field-group elementor-column elementor-field-group-field_d65c967 elementor-col-50 elementor-field-required\">\n\t\t\t\t\t\t\t\t\t\t\t\t\t<input size=\"1\" type=\"text\" name=\"form_fields[field_d65c967]\" id=\"form-field-field_d65c967\" class=\"elementor-field elementor-size-sm  elementor-field-textual\" placeholder=\"Priezvisko\" required=\"required\" aria-required=\"true\">\n\t\t\t\t\t\t\t\t\t\t\t<\/div>\n\t\t\t\t\t\t\t\t<div class=\"elementor-field-type-email elementor-field-group elementor-column elementor-field-group-email elementor-col-100 elementor-field-required\">\n\t\t\t\t\t\t\t\t\t\t\t\t\t<input size=\"1\" type=\"email\" name=\"form_fields[email]\" id=\"form-field-email\" class=\"elementor-field elementor-size-sm  elementor-field-textual\" placeholder=\"Email\" required=\"required\" aria-required=\"true\">\n\t\t\t\t\t\t\t\t\t\t\t<\/div>\n\t\t\t\t\t\t\t\t<div class=\"elementor-field-type-textarea elementor-field-group elementor-column elementor-field-group-message elementor-col-100 elementor-field-required\">\n\t\t\t\t\t<textarea class=\"elementor-field-textual elementor-field  elementor-size-sm\" name=\"form_fields[message]\" id=\"form-field-message\" rows=\"4\" placeholder=\"Spr\u00e1va\" required=\"required\" aria-required=\"true\"><\/textarea>\t\t\t\t<\/div>\n\t\t\t\t\t\t\t\t<div class=\"elementor-field-group elementor-column elementor-field-type-submit elementor-col-100 e-form__buttons\">\n\t\t\t\t\t<button type=\"submit\" class=\"elementor-button elementor-size-sm\">\n\t\t\t\t\t\t<span >\n\t\t\t\t\t\t\t\t\t\t\t\t\t\t\t<span class=\" elementor-button-icon\">\n\t\t\t\t\t\t\t\t\t\t\t\t\t\t\t\t\t\t\t\t\t\t\t\t\t\t<\/span>\n\t\t\t\t\t\t\t\t\t\t\t\t\t\t\t\t\t\t\t\t\t\t<span class=\"elementor-button-text\">Odosla\u0165<\/span>\n\t\t\t\t\t\t\t\t\t\t\t\t\t<\/span>\n\t\t\t\t\t<\/button>\n\t\t\t\t<\/div>\n\t\t\t<\/div>\n\t\t<\/form>\n\t\t\t\t<\/div>\n\t\t\t\t<\/div>\n\t\t\t\t\t<\/div>\n\t\t<\/div>\n\t\t\t\t<div class=\"elementor-column elementor-col-50 elementor-top-column elementor-element elementor-element-38742e0\" data-id=\"38742e0\" data-element_type=\"column\">\n\t\t\t<div class=\"elementor-widget-wrap elementor-element-populated\">\n\t\t\t\t\t\t\t\t<div class=\"elementor-element elementor-element-a1cbbec elementor-invisible elementor-widget elementor-widget-image\" data-id=\"a1cbbec\" data-element_type=\"widget\" data-settings=\"{&quot;_animation&quot;:&quot;slideInRight&quot;}\" data-widget_type=\"image.default\">\n\t\t\t\t<div class=\"elementor-widget-container\">\n\t\t\t<style>\/*! elementor - v3.18.0 - 20-12-2023 *\/\n.elementor-widget-image{text-align:center}.elementor-widget-image a{display:inline-block}.elementor-widget-image a img[src$=\".svg\"]{width:48px}.elementor-widget-image img{vertical-align:middle;display:inline-block}<\/style>\t\t\t\t\t\t\t\t\t\t\t\t<img fetchpriority=\"high\" decoding=\"async\" width=\"800\" height=\"985\" src=\"https:\/\/facerehab.com\/wp-content\/uploads\/2023\/01\/doctors-832x1024-1.jpg\" class=\"attachment-large size-large wp-image-4306\" alt=\"\" srcset=\"https:\/\/facerehab.com\/wp-content\/uploads\/2023\/01\/doctors-832x1024-1.jpg 832w, https:\/\/facerehab.com\/wp-content\/uploads\/2023\/01\/doctors-832x1024-1-244x300.jpg 244w, https:\/\/facerehab.com\/wp-content\/uploads\/2023\/01\/doctors-832x1024-1-768x945.jpg 768w\" sizes=\"(max-width: 800px) 100vw, 800px\" \/>\t\t\t\t\t\t\t\t\t\t\t\t\t\t\t<\/div>\n\t\t\t\t<\/div>\n\t\t\t\t\t<\/div>\n\t\t<\/div>\n\t\t\t\t\t\t\t<\/div>\n\t\t<\/section>\n\t\t\t\t\t\t\t<\/div>\n\t\t","protected":false},"excerpt":{"rendered":"<p>Kontaktujte n\u00e1s Na\u0161\u00edm poslan\u00edm je vytvori\u0165 osobn\u00e9ho sprievodcu, ktor\u00fd pom\u00f4\u017ee zlep\u0161i\u0165 kvalitu \u017eivota t\u00fdm, ktor\u00ed trpia ochoreniami, ako je paral\u00fdza tv\u00e1re, dysfunkcia temporomandiul\u00e1rneho k\u013abu, Bellova obrna alebo in\u00fdmi probl\u00e9mami a ochoreniami s tv\u00e1rov\u00fdmi svalmi. Pon\u00fakame interakt\u00edvne cvi\u010denia zameran\u00e9 na zv\u00fd\u0161enie pohyblivosti tv\u00e1rov\u00fdch svalov a zlep\u0161enie celkov\u00e9ho vzh\u013eadu. Pre viac inform\u00e1ci\u00ed n\u00e1s, pros\u00edm, kontaktujte.<\/p>\n","protected":false},"author":1,"featured_media":0,"parent":0,"menu_order":0,"comment_status":"closed","ping_status":"closed","template":"elementor_theme","meta":{"footnotes":""},"class_list":["post-4354","page","type-page","status-publish","hentry"],"yoast_head":"<!-- This site is optimized with the Yoast SEO plugin v21.9 - https:\/\/yoast.com\/wordpress\/plugins\/seo\/ -->\n<title>FaceRehab | Mobiln\u00e1 aplik\u00e1cia pre \u013eud\u00ed s ochrnut\u00edm tv\u00e1re<\/title>\n<meta name=\"description\" content=\"FaceRehab poskytuje jednoduch\u00fd pr\u00edstup k inform\u00e1ci\u00e1m a podporu pre \u013eud\u00ed s ochrnut\u00edm tv\u00e1re. Pre viac inform\u00e1ci\u00ed n\u00e1s kontaktujte.\" \/>\n<meta name=\"robots\" content=\"index, follow, max-snippet:-1, max-image-preview:large, max-video-preview:-1\" \/>\n<link rel=\"canonical\" href=\"https:\/\/facerehab.com\/sk\/kontaktujte-nas\/\" \/>\n<meta property=\"og:locale\" content=\"sk_SK\" \/>\n<meta property=\"og:type\" content=\"article\" \/>\n<meta property=\"og:title\" content=\"FaceRehab | Mobiln\u00e1 aplik\u00e1cia pre \u013eud\u00ed s ochrnut\u00edm tv\u00e1re\" \/>\n<meta property=\"og:description\" content=\"FaceRehab poskytuje jednoduch\u00fd pr\u00edstup k inform\u00e1ci\u00e1m a podporu pre \u013eud\u00ed s ochrnut\u00edm tv\u00e1re. Pre viac inform\u00e1ci\u00ed n\u00e1s kontaktujte.\" \/>\n<meta property=\"og:url\" content=\"https:\/\/facerehab.com\/sk\/kontaktujte-nas\/\" \/>\n<meta property=\"og:site_name\" content=\"FaceRehab\" \/>\n<meta property=\"article:publisher\" content=\"https:\/\/www.facebook.com\/facerehab\" \/>\n<meta property=\"article:modified_time\" content=\"2024-01-06T02:05:29+00:00\" \/>\n<meta property=\"og:image\" content=\"https:\/\/facerehab.com\/wp-content\/uploads\/2023\/01\/doctors-832x1024-1.jpg\" \/>\n<meta name=\"twitter:card\" content=\"summary_large_image\" \/>\n<meta name=\"twitter:label1\" content=\"Predpokladan\u00fd \u010das \u010d\u00edtania\" \/>\n\t<meta name=\"twitter:data1\" content=\"1 min\u00fata\" \/>\n<script type=\"application\/ld+json\" class=\"yoast-schema-graph\">{\"@context\":\"https:\/\/schema.org\",\"@graph\":[{\"@type\":\"WebPage\",\"@id\":\"https:\/\/facerehab.com\/sk\/kontaktujte-nas\/\",\"url\":\"https:\/\/facerehab.com\/sk\/kontaktujte-nas\/\",\"name\":\"FaceRehab | Mobiln\u00e1 aplik\u00e1cia pre \u013eud\u00ed s ochrnut\u00edm tv\u00e1re\",\"isPartOf\":{\"@id\":\"https:\/\/facerehab.com\/sk\/#website\"},\"datePublished\":\"2022-12-30T12:08:28+00:00\",\"dateModified\":\"2024-01-06T02:05:29+00:00\",\"description\":\"FaceRehab poskytuje jednoduch\u00fd pr\u00edstup k inform\u00e1ci\u00e1m a podporu pre \u013eud\u00ed s ochrnut\u00edm tv\u00e1re. Pre viac inform\u00e1ci\u00ed n\u00e1s kontaktujte.\",\"breadcrumb\":{\"@id\":\"https:\/\/facerehab.com\/sk\/kontaktujte-nas\/#breadcrumb\"},\"inLanguage\":\"sk-SK\",\"potentialAction\":[{\"@type\":\"ReadAction\",\"target\":[\"https:\/\/facerehab.com\/sk\/kontaktujte-nas\/\"]}]},{\"@type\":\"BreadcrumbList\",\"@id\":\"https:\/\/facerehab.com\/sk\/kontaktujte-nas\/#breadcrumb\",\"itemListElement\":[{\"@type\":\"ListItem\",\"position\":1,\"name\":\"Home\",\"item\":\"https:\/\/facerehab.com\/sk\/\"},{\"@type\":\"ListItem\",\"position\":2,\"name\":\"kontaktujte n\u00e1s\"}]},{\"@type\":\"WebSite\",\"@id\":\"https:\/\/facerehab.com\/sk\/#website\",\"url\":\"https:\/\/facerehab.com\/sk\/\",\"name\":\"FaceRehab | The Most Advanced Facial Paralysis App\",\"description\":\"The Most Advanced Facial Paralysis App\",\"publisher\":{\"@id\":\"https:\/\/facerehab.com\/sk\/#organization\"},\"alternateName\":\"FaceRehab App | Recover Your Smile With Interactive Facial Exercises\",\"potentialAction\":[{\"@type\":\"SearchAction\",\"target\":{\"@type\":\"EntryPoint\",\"urlTemplate\":\"https:\/\/facerehab.com\/sk\/?s={search_term_string}\"},\"query-input\":\"required name=search_term_string\"}],\"inLanguage\":\"sk-SK\"},{\"@type\":\"Organization\",\"@id\":\"https:\/\/facerehab.com\/sk\/#organization\",\"name\":\"FaceRehab | The Most Advanced Facial Paralysis App\",\"url\":\"https:\/\/facerehab.com\/sk\/\",\"logo\":{\"@type\":\"ImageObject\",\"inLanguage\":\"sk-SK\",\"@id\":\"https:\/\/facerehab.com\/sk\/#\/schema\/logo\/image\/\",\"url\":\"http:\/\/facerehab.com\/wp-content\/uploads\/2021\/12\/FaceRehab.png\",\"contentUrl\":\"http:\/\/facerehab.com\/wp-content\/uploads\/2021\/12\/FaceRehab.png\",\"width\":500,\"height\":150,\"caption\":\"FaceRehab | The Most Advanced Facial Paralysis App\"},\"image\":{\"@id\":\"https:\/\/facerehab.com\/sk\/#\/schema\/logo\/image\/\"},\"sameAs\":[\"https:\/\/www.facebook.com\/facerehab\",\"https:\/\/www.instagram.com\/facerehab_official\"]}]}<\/script>\n<!-- \/ Yoast SEO plugin. -->","yoast_head_json":{"title":"FaceRehab | Mobiln\u00e1 aplik\u00e1cia pre \u013eud\u00ed s ochrnut\u00edm tv\u00e1re","description":"FaceRehab poskytuje jednoduch\u00fd pr\u00edstup k inform\u00e1ci\u00e1m a podporu pre \u013eud\u00ed s ochrnut\u00edm tv\u00e1re. Pre viac inform\u00e1ci\u00ed n\u00e1s kontaktujte.","robots":{"index":"index","follow":"follow","max-snippet":"max-snippet:-1","max-image-preview":"max-image-preview:large","max-video-preview":"max-video-preview:-1"},"canonical":"https:\/\/facerehab.com\/sk\/kontaktujte-nas\/","og_locale":"sk_SK","og_type":"article","og_title":"FaceRehab | Mobiln\u00e1 aplik\u00e1cia pre \u013eud\u00ed s ochrnut\u00edm tv\u00e1re","og_description":"FaceRehab poskytuje jednoduch\u00fd pr\u00edstup k inform\u00e1ci\u00e1m a podporu pre \u013eud\u00ed s ochrnut\u00edm tv\u00e1re. Pre viac inform\u00e1ci\u00ed n\u00e1s kontaktujte.","og_url":"https:\/\/facerehab.com\/sk\/kontaktujte-nas\/","og_site_name":"FaceRehab","article_publisher":"https:\/\/www.facebook.com\/facerehab","article_modified_time":"2024-01-06T02:05:29+00:00","og_image":[{"url":"https:\/\/facerehab.com\/wp-content\/uploads\/2023\/01\/doctors-832x1024-1.jpg"}],"twitter_card":"summary_large_image","twitter_misc":{"Predpokladan\u00fd \u010das \u010d\u00edtania":"1 min\u00fata"},"schema":{"@context":"https:\/\/schema.org","@graph":[{"@type":"WebPage","@id":"https:\/\/facerehab.com\/sk\/kontaktujte-nas\/","url":"https:\/\/facerehab.com\/sk\/kontaktujte-nas\/","name":"FaceRehab | Mobiln\u00e1 aplik\u00e1cia pre \u013eud\u00ed s ochrnut\u00edm tv\u00e1re","isPartOf":{"@id":"https:\/\/facerehab.com\/sk\/#website"},"datePublished":"2022-12-30T12:08:28+00:00","dateModified":"2024-01-06T02:05:29+00:00","description":"FaceRehab poskytuje jednoduch\u00fd pr\u00edstup k inform\u00e1ci\u00e1m a podporu pre \u013eud\u00ed s ochrnut\u00edm tv\u00e1re. Pre viac inform\u00e1ci\u00ed n\u00e1s kontaktujte.","breadcrumb":{"@id":"https:\/\/facerehab.com\/sk\/kontaktujte-nas\/#breadcrumb"},"inLanguage":"sk-SK","potentialAction":[{"@type":"ReadAction","target":["https:\/\/facerehab.com\/sk\/kontaktujte-nas\/"]}]},{"@type":"BreadcrumbList","@id":"https:\/\/facerehab.com\/sk\/kontaktujte-nas\/#breadcrumb","itemListElement":[{"@type":"ListItem","position":1,"name":"Home","item":"https:\/\/facerehab.com\/sk\/"},{"@type":"ListItem","position":2,"name":"kontaktujte n\u00e1s"}]},{"@type":"WebSite","@id":"https:\/\/facerehab.com\/sk\/#website","url":"https:\/\/facerehab.com\/sk\/","name":"FaceRehab | The Most Advanced Facial Paralysis App","description":"The Most Advanced Facial Paralysis App","publisher":{"@id":"https:\/\/facerehab.com\/sk\/#organization"},"alternateName":"FaceRehab App | Recover Your Smile With Interactive Facial Exercises","potentialAction":[{"@type":"SearchAction","target":{"@type":"EntryPoint","urlTemplate":"https:\/\/facerehab.com\/sk\/?s={search_term_string}"},"query-input":"required name=search_term_string"}],"inLanguage":"sk-SK"},{"@type":"Organization","@id":"https:\/\/facerehab.com\/sk\/#organization","name":"FaceRehab | The Most Advanced Facial Paralysis App","url":"https:\/\/facerehab.com\/sk\/","logo":{"@type":"ImageObject","inLanguage":"sk-SK","@id":"https:\/\/facerehab.com\/sk\/#\/schema\/logo\/image\/","url":"http:\/\/facerehab.com\/wp-content\/uploads\/2021\/12\/FaceRehab.png","contentUrl":"http:\/\/facerehab.com\/wp-content\/uploads\/2021\/12\/FaceRehab.png","width":500,"height":150,"caption":"FaceRehab | The Most Advanced Facial Paralysis App"},"image":{"@id":"https:\/\/facerehab.com\/sk\/#\/schema\/logo\/image\/"},"sameAs":["https:\/\/www.facebook.com\/facerehab","https:\/\/www.instagram.com\/facerehab_official"]}]}},"_links":{"self":[{"href":"https:\/\/facerehab.com\/sk\/wp-json\/wp\/v2\/pages\/4354","targetHints":{"allow":["GET"]}}],"collection":[{"href":"https:\/\/facerehab.com\/sk\/wp-json\/wp\/v2\/pages"}],"about":[{"href":"https:\/\/facerehab.com\/sk\/wp-json\/wp\/v2\/types\/page"}],"author":[{"embeddable":true,"href":"https:\/\/facerehab.com\/sk\/wp-json\/wp\/v2\/users\/1"}],"replies":[{"embeddable":true,"href":"https:\/\/facerehab.com\/sk\/wp-json\/wp\/v2\/comments?post=4354"}],"version-history":[{"count":22,"href":"https:\/\/facerehab.com\/sk\/wp-json\/wp\/v2\/pages\/4354\/revisions"}],"predecessor-version":[{"id":5729,"href":"https:\/\/facerehab.com\/sk\/wp-json\/wp\/v2\/pages\/4354\/revisions\/5729"}],"wp:attachment":[{"href":"https:\/\/facerehab.com\/sk\/wp-json\/wp\/v2\/media?parent=4354"}],"curies":[{"name":"wp","href":"https:\/\/api.w.org\/{rel}","templated":true}]}}