{"id":4356,"date":"2022-12-27T17:39:02","date_gmt":"2022-12-27T16:39:02","guid":{"rendered":"http:\/\/facerehab.com\/pre-kliniky\/"},"modified":"2023-02-08T09:28:05","modified_gmt":"2023-02-08T08:28:05","slug":"pre-kliniky","status":"publish","type":"page","link":"https:\/\/facerehab.com\/sk\/pre-kliniky\/","title":{"rendered":"Pre kliniky"},"content":{"rendered":"\t\t<div data-elementor-type=\"wp-page\" data-elementor-id=\"4356\" class=\"elementor elementor-4356 elementor-3018\">\n\t\t\t\t\t\t\t\t\t<section class=\"elementor-section elementor-top-section elementor-element elementor-element-7b5c0e2 elementor-section-boxed elementor-section-height-default elementor-section-height-default wpr-particle-no wpr-jarallax-no wpr-parallax-no wpr-sticky-section-no\" data-id=\"7b5c0e2\" data-element_type=\"section\">\n\t\t\t\t\t\t<div class=\"elementor-container elementor-column-gap-default\">\n\t\t\t\t\t<div class=\"elementor-column elementor-col-100 elementor-top-column elementor-element elementor-element-441fd77\" data-id=\"441fd77\" data-element_type=\"column\">\n\t\t\t<div class=\"elementor-widget-wrap elementor-element-populated\">\n\t\t\t\t\t\t\t\t<div class=\"elementor-element elementor-element-425164f elementor-invisible elementor-widget elementor-widget-heading\" data-id=\"425164f\" data-element_type=\"widget\" data-settings=\"{&quot;_animation&quot;:&quot;slideInLeft&quot;,&quot;_animation_delay&quot;:100,&quot;_animation_mobile&quot;:&quot;none&quot;}\" data-widget_type=\"heading.default\">\n\t\t\t\t<div class=\"elementor-widget-container\">\n\t\t\t<style>\/*! elementor - v3.18.0 - 20-12-2023 *\/\n.elementor-heading-title{padding:0;margin:0;line-height:1}.elementor-widget-heading .elementor-heading-title[class*=elementor-size-]>a{color:inherit;font-size:inherit;line-height:inherit}.elementor-widget-heading .elementor-heading-title.elementor-size-small{font-size:15px}.elementor-widget-heading .elementor-heading-title.elementor-size-medium{font-size:19px}.elementor-widget-heading .elementor-heading-title.elementor-size-large{font-size:29px}.elementor-widget-heading .elementor-heading-title.elementor-size-xl{font-size:39px}.elementor-widget-heading .elementor-heading-title.elementor-size-xxl{font-size:59px}<\/style><h2 class=\"elementor-heading-title elementor-size-default\">Pre kliniky<\/h2>\t\t<\/div>\n\t\t\t\t<\/div>\n\t\t\t\t\t<\/div>\n\t\t<\/div>\n\t\t\t\t\t\t\t<\/div>\n\t\t<\/section>\n\t\t\t\t<section class=\"elementor-section elementor-top-section elementor-element elementor-element-0d26118 elementor-reverse-mobile elementor-section-boxed elementor-section-height-default elementor-section-height-default wpr-particle-no wpr-jarallax-no wpr-parallax-no wpr-sticky-section-no\" data-id=\"0d26118\" data-element_type=\"section\">\n\t\t\t\t\t\t<div class=\"elementor-container elementor-column-gap-default\">\n\t\t\t\t\t<div class=\"elementor-column elementor-col-50 elementor-top-column elementor-element elementor-element-20efcae\" data-id=\"20efcae\" data-element_type=\"column\">\n\t\t\t<div class=\"elementor-widget-wrap elementor-element-populated\">\n\t\t\t\t\t\t\t\t<div class=\"elementor-element elementor-element-5188e1b elementor-invisible elementor-widget elementor-widget-text-editor\" data-id=\"5188e1b\" data-element_type=\"widget\" data-settings=\"{&quot;_animation&quot;:&quot;slideInLeft&quot;,&quot;_animation_delay&quot;:200,&quot;_animation_mobile&quot;:&quot;none&quot;}\" data-widget_type=\"text-editor.default\">\n\t\t\t\t<div class=\"elementor-widget-container\">\n\t\t\t<style>\/*! elementor - v3.18.0 - 20-12-2023 *\/\n.elementor-widget-text-editor.elementor-drop-cap-view-stacked .elementor-drop-cap{background-color:#69727d;color:#fff}.elementor-widget-text-editor.elementor-drop-cap-view-framed .elementor-drop-cap{color:#69727d;border:3px solid;background-color:transparent}.elementor-widget-text-editor:not(.elementor-drop-cap-view-default) .elementor-drop-cap{margin-top:8px}.elementor-widget-text-editor:not(.elementor-drop-cap-view-default) .elementor-drop-cap-letter{width:1em;height:1em}.elementor-widget-text-editor .elementor-drop-cap{float:left;text-align:center;line-height:1;font-size:50px}.elementor-widget-text-editor .elementor-drop-cap-letter{display:inline-block}<\/style>\t\t\t\t<p>Vo FaceRehab ch\u00e1peme, ak\u00fd d\u00f4le\u017eit\u00fd je pr\u00edstup k \u00fadajom pacienta v <strong>efekt\u00edvnom a \u013eahko \u010ditate\u013enom form\u00e1te<\/strong>.<\/p>\n<p><a href=\"https:\/\/app.facerehab.eu\/auth\/login\">Analytick\u00fd port\u00e1l FaceRehab<\/a> umo\u017e\u0148uje zdravotn\u00edckym pracovn\u00edkom pr\u00edstup k z\u00e1znamom pacientov z ak\u00e9hoko\u013evek zariadenia. Pon\u00faka mo\u017enos\u0165&nbsp;<b>r\u00fdchlo a efekt\u00edvne<\/b> sledova\u0165 jeho progres a pou\u017e\u00edva\u0165 \u00fadaje FaceRehab na podporn\u00e9 alebo v\u00fdskumn\u00e9 \u00fa\u010dely.<\/p>\n<p>Okrem toho poskytuje komplexn\u00fd preh\u013ead hist\u00f3rie \u00fadajov o pacientoch a zjednodu\u0161uje zhroma\u017e\u010fovanie inform\u00e1ci\u00ed pre nemocnice aj jednotlivcov \u2013 <b>zvy\u0161uje efektivitu<\/b> a poskytuje <b>presn\u00e9 inform\u00e1cie<\/b>.<\/p>\t\t\t\t\t\t<\/div>\n\t\t\t\t<\/div>\n\t\t\t\t<div class=\"elementor-element elementor-element-c324b69 wpr-button-icon-style-inline wpr-button-icon-position-right elementor-invisible elementor-widget elementor-widget-wpr-button\" data-id=\"c324b69\" data-element_type=\"widget\" data-settings=\"{&quot;_animation&quot;:&quot;slideInLeft&quot;,&quot;_animation_mobile&quot;:&quot;none&quot;}\" data-widget_type=\"wpr-button.default\">\n\t\t\t\t<div class=\"elementor-widget-container\">\n\t\t\t\t\n\t\t\t\n\t\t\n\t\t<div class=\"wpr-button-wrap elementor-clearfix\">\n\t\t<a class=\"wpr-button wpr-button-effect wpr-button-none\" data-text=\"Go\" href=\"https:\/\/facerehab.com\/sk\/form1\/\">\n\t\t\t\n\t\t\t<span class=\"wpr-button-content\">\n\t\t\t\t\t\t\t\t\t<span class=\"wpr-button-text\">M\u00e1m z\u00e1ujem<\/span>\n\t\t\t\t\t\t\t\t\n\t\t\t\t\t\t\t\t\t<span class=\"wpr-button-icon\"><i class=\"fas fa-angle-right\"><\/i><\/span>\n\t\t\t\t\t\t\t<\/span>\n\t\t<\/a>\n\n\t\t\t\t<\/div>\n\t\n\t\n\t\t\t<\/div>\n\t\t\t\t<\/div>\n\t\t\t\t\t<\/div>\n\t\t<\/div>\n\t\t\t\t<div class=\"elementor-column elementor-col-50 elementor-top-column elementor-element elementor-element-2432af4\" data-id=\"2432af4\" data-element_type=\"column\">\n\t\t\t<div class=\"elementor-widget-wrap elementor-element-populated\">\n\t\t\t\t\t\t\t\t<div class=\"elementor-element elementor-element-e7ff942 elementor-invisible elementor-widget elementor-widget-image\" data-id=\"e7ff942\" data-element_type=\"widget\" data-settings=\"{&quot;_animation&quot;:&quot;slideInRight&quot;,&quot;_animation_mobile&quot;:&quot;none&quot;}\" data-widget_type=\"image.default\">\n\t\t\t\t<div class=\"elementor-widget-container\">\n\t\t\t<style>\/*! elementor - v3.18.0 - 20-12-2023 *\/\n.elementor-widget-image{text-align:center}.elementor-widget-image a{display:inline-block}.elementor-widget-image a img[src$=\".svg\"]{width:48px}.elementor-widget-image img{vertical-align:middle;display:inline-block}<\/style>\t\t\t\t\t\t\t\t\t\t\t\t<img decoding=\"async\" src=\"https:\/\/facerehab.com\/wp-content\/uploads\/elementor\/thumbs\/Image-2022-12-30-at-13.49.20-qg59wtjim0anzer4vhdrx1gscz4eu14vww6d3er59s.jpeg\" title=\"Image 2022-12-30 at 13.49.20\" alt=\"Image 2022-12-30 at 13.49.20\" loading=\"lazy\" \/>\t\t\t\t\t\t\t\t\t\t\t\t\t\t\t<\/div>\n\t\t\t\t<\/div>\n\t\t\t\t\t<\/div>\n\t\t<\/div>\n\t\t\t\t\t\t\t<\/div>\n\t\t<\/section>\n\t\t\t\t<section class=\"elementor-section elementor-top-section elementor-element elementor-element-10e90b3 elementor-section-boxed elementor-section-height-default elementor-section-height-default wpr-particle-no wpr-jarallax-no wpr-parallax-no wpr-sticky-section-no\" data-id=\"10e90b3\" data-element_type=\"section\" id=\"sirtedobro\">\n\t\t\t\t\t\t<div class=\"elementor-container elementor-column-gap-default\">\n\t\t\t\t\t<div class=\"elementor-column elementor-col-50 elementor-top-column elementor-element elementor-element-ad4f914\" data-id=\"ad4f914\" data-element_type=\"column\">\n\t\t\t<div class=\"elementor-widget-wrap elementor-element-populated\">\n\t\t\t\t\t\t\t\t<div class=\"elementor-element elementor-element-78e9d20 elementor-invisible elementor-widget elementor-widget-image\" data-id=\"78e9d20\" data-element_type=\"widget\" data-settings=\"{&quot;_animation&quot;:&quot;slideInRight&quot;,&quot;_animation_mobile&quot;:&quot;none&quot;}\" data-widget_type=\"image.default\">\n\t\t\t\t<div class=\"elementor-widget-container\">\n\t\t\t\t\t\t\t\t\t\t\t\t\t\t\t<img fetchpriority=\"high\" decoding=\"async\" width=\"800\" height=\"800\" src=\"https:\/\/facerehab.com\/wp-content\/uploads\/2021\/11\/promo-box-2.jpg\" class=\"attachment-large size-large wp-image-4235\" alt=\"\" srcset=\"https:\/\/facerehab.com\/wp-content\/uploads\/2021\/11\/promo-box-2.jpg 1000w, https:\/\/facerehab.com\/wp-content\/uploads\/2021\/11\/promo-box-2-300x300.jpg 300w, https:\/\/facerehab.com\/wp-content\/uploads\/2021\/11\/promo-box-2-150x150.jpg 150w, https:\/\/facerehab.com\/wp-content\/uploads\/2021\/11\/promo-box-2-768x768.jpg 768w\" sizes=\"(max-width: 800px) 100vw, 800px\" \/>\t\t\t\t\t\t\t\t\t\t\t\t\t\t\t<\/div>\n\t\t\t\t<\/div>\n\t\t\t\t\t<\/div>\n\t\t<\/div>\n\t\t\t\t<div class=\"elementor-column elementor-col-50 elementor-top-column elementor-element elementor-element-2aab361\" data-id=\"2aab361\" data-element_type=\"column\">\n\t\t\t<div class=\"elementor-widget-wrap elementor-element-populated\">\n\t\t\t\t\t\t\t\t<div class=\"elementor-element elementor-element-62a7e8b elementor-invisible elementor-widget elementor-widget-heading\" data-id=\"62a7e8b\" data-element_type=\"widget\" data-settings=\"{&quot;_animation&quot;:&quot;slideInRight&quot;,&quot;_animation_delay&quot;:100,&quot;_animation_mobile&quot;:&quot;none&quot;}\" data-widget_type=\"heading.default\">\n\t\t\t\t<div class=\"elementor-widget-container\">\n\t\t\t<h2 class=\"elementor-heading-title elementor-size-default\">\u0160\u00edrte s nami dobro<\/h2>\t\t<\/div>\n\t\t\t\t<\/div>\n\t\t\t\t<div class=\"elementor-element elementor-element-dd25c72 elementor-invisible elementor-widget elementor-widget-text-editor\" data-id=\"dd25c72\" data-element_type=\"widget\" data-settings=\"{&quot;_animation&quot;:&quot;slideInRight&quot;,&quot;_animation_delay&quot;:200,&quot;_animation_mobile&quot;:&quot;none&quot;}\" data-widget_type=\"text-editor.default\">\n\t\t\t\t<div class=\"elementor-widget-container\">\n\t\t\t\t\t\t\t<p>FaceRehab je revolu\u010dn\u00e1 digit\u00e1lna pom\u00f4cka, ktor\u00e1 pom\u00e1ha pacientom zvl\u00e1dnu\u0165 zdravotn\u00e9 probl\u00e9my s tv\u00e1rov\u00fdmi svalmi. Na\u0161im pacientom poskytujeme cel\u00fd bal\u00edk inform\u00e1ci\u00ed a n\u00e1strojov, ktor\u00e9 potrebuj\u00fa, ke\u010f \u010delia ka\u017edodenn\u00fdm v\u00fdzvam a n\u00e1strah\u00e1m, ktor\u00e9 im tieto ochorenia prin\u00e1\u0161aj\u00fa.<\/p><p>Najlep\u0161ie veci v \u017eivote s\u00fa zadarmo, v\u0161ak? <b>Pom\u00f4\u017ete n\u00e1m \u0161\u00edri\u0165 dobro a pozit\u00edvnu poves\u0165<\/b> o FaceRehab formou reklamn\u00fdch bal\u00edkov, ktor\u00e9 m\u00f4\u017eete rozd\u00e1va\u0165 svojim pacientom.\u00a0<\/p><p>Spolupracujme a zaistime, <b>aby t\u00ed, ktor\u00ed to potrebuj\u00fa,<\/b> mali pr\u00edstup k FaceRehab.<\/p>\t\t\t\t\t\t<\/div>\n\t\t\t\t<\/div>\n\t\t\t\t<div class=\"elementor-element elementor-element-89e9881 wpr-button-icon-style-inline wpr-button-icon-position-right elementor-invisible elementor-widget elementor-widget-wpr-button\" data-id=\"89e9881\" data-element_type=\"widget\" data-settings=\"{&quot;_animation&quot;:&quot;slideInRight&quot;,&quot;_animation_mobile&quot;:&quot;none&quot;}\" data-widget_type=\"wpr-button.default\">\n\t\t\t\t<div class=\"elementor-widget-container\">\n\t\t\t\t\n\t\t\t\n\t\t\n\t\t<div class=\"wpr-button-wrap elementor-clearfix\">\n\t\t<a class=\"wpr-button wpr-button-effect wpr-button-none\" data-text=\"Go\" href=\"https:\/\/facerehab.com\/sk\/form2\/\">\n\t\t\t\n\t\t\t<span class=\"wpr-button-content\">\n\t\t\t\t\t\t\t\t\t<span class=\"wpr-button-text\">M\u00e1m z\u00e1ujem<\/span>\n\t\t\t\t\t\t\t\t\n\t\t\t\t\t\t\t\t\t<span class=\"wpr-button-icon\"><i class=\"fas fa-angle-right\"><\/i><\/span>\n\t\t\t\t\t\t\t<\/span>\n\t\t<\/a>\n\n\t\t\t\t<\/div>\n\t\n\t\n\t\t\t<\/div>\n\t\t\t\t<\/div>\n\t\t\t\t\t<\/div>\n\t\t<\/div>\n\t\t\t\t\t\t\t<\/div>\n\t\t<\/section>\n\t\t\t\t\t\t\t<\/div>\n\t\t","protected":false},"excerpt":{"rendered":"<p>Pre kliniky Vo FaceRehab ch\u00e1peme, ak\u00fd d\u00f4le\u017eit\u00fd je pr\u00edstup k \u00fadajom pacienta v efekt\u00edvnom a \u013eahko \u010ditate\u013enom form\u00e1te. Analytick\u00fd port\u00e1l FaceRehab umo\u017e\u0148uje zdravotn\u00edckym pracovn\u00edkom pr\u00edstup k z\u00e1znamom pacientov z ak\u00e9hoko\u013evek zariadenia. Pon\u00faka mo\u017enos\u0165&nbsp;r\u00fdchlo a efekt\u00edvne sledova\u0165 jeho progres a pou\u017e\u00edva\u0165 \u00fadaje FaceRehab na podporn\u00e9 alebo v\u00fdskumn\u00e9 \u00fa\u010dely. Okrem toho poskytuje komplexn\u00fd preh\u013ead hist\u00f3rie \u00fadajov o [&hellip;]<\/p>\n","protected":false},"author":1,"featured_media":0,"parent":0,"menu_order":0,"comment_status":"closed","ping_status":"closed","template":"elementor_theme","meta":{"footnotes":""},"class_list":["post-4356","page","type-page","status-publish","hentry"],"yoast_head":"<!-- This site is optimized with the Yoast SEO plugin v21.9 - https:\/\/yoast.com\/wordpress\/plugins\/seo\/ -->\n<title>Aplik\u00e1cia FaceRehab | \u00dadaje o pacientoch a inform\u00e1cie pre kliniky<\/title>\n<meta name=\"description\" content=\"Aplik\u00e1cia FaceRehab poskytuje klinik\u00e1m \u00fadaje o pacientoch a sledovanie ich progresu. Pom\u00e1ha zdravotn\u00edckym pracovn\u00edkom z\u00edska\u0165 presn\u00e9 inform\u00e1cie o svojich pacientoch.\" \/>\n<meta name=\"robots\" content=\"index, follow, max-snippet:-1, max-image-preview:large, max-video-preview:-1\" \/>\n<link rel=\"canonical\" href=\"https:\/\/facerehab.com\/sk\/pre-kliniky\/\" \/>\n<meta property=\"og:locale\" content=\"sk_SK\" \/>\n<meta property=\"og:type\" content=\"article\" \/>\n<meta property=\"og:title\" content=\"Aplik\u00e1cia FaceRehab | \u00dadaje o pacientoch a inform\u00e1cie pre kliniky\" \/>\n<meta property=\"og:description\" content=\"Aplik\u00e1cia FaceRehab poskytuje klinik\u00e1m \u00fadaje o pacientoch a sledovanie ich progresu. Pom\u00e1ha zdravotn\u00edckym pracovn\u00edkom z\u00edska\u0165 presn\u00e9 inform\u00e1cie o svojich pacientoch.\" \/>\n<meta property=\"og:url\" content=\"https:\/\/facerehab.com\/sk\/pre-kliniky\/\" \/>\n<meta property=\"og:site_name\" content=\"FaceRehab\" \/>\n<meta property=\"article:publisher\" content=\"https:\/\/www.facebook.com\/facerehab\" \/>\n<meta property=\"article:modified_time\" content=\"2023-02-08T08:28:05+00:00\" \/>\n<meta property=\"og:image\" content=\"https:\/\/facerehab.com\/wp-content\/uploads\/elementor\/thumbs\/Image-2022-12-30-at-13.49.20-q0egqwjrw7jzuts6oog0p8kh7nlpv1yt26jcwsm4q8.jpeg\" \/>\n<meta name=\"twitter:card\" content=\"summary_large_image\" \/>\n<meta name=\"twitter:label1\" content=\"Predpokladan\u00fd \u010das \u010d\u00edtania\" \/>\n\t<meta name=\"twitter:data1\" content=\"2 min\u00faty\" \/>\n<script type=\"application\/ld+json\" class=\"yoast-schema-graph\">{\"@context\":\"https:\/\/schema.org\",\"@graph\":[{\"@type\":\"WebPage\",\"@id\":\"https:\/\/facerehab.com\/sk\/pre-kliniky\/\",\"url\":\"https:\/\/facerehab.com\/sk\/pre-kliniky\/\",\"name\":\"Aplik\u00e1cia FaceRehab | \u00dadaje o pacientoch a inform\u00e1cie pre kliniky\",\"isPartOf\":{\"@id\":\"https:\/\/facerehab.com\/sk\/#website\"},\"datePublished\":\"2022-12-27T16:39:02+00:00\",\"dateModified\":\"2023-02-08T08:28:05+00:00\",\"description\":\"Aplik\u00e1cia FaceRehab poskytuje klinik\u00e1m \u00fadaje o pacientoch a sledovanie ich progresu. Pom\u00e1ha zdravotn\u00edckym pracovn\u00edkom z\u00edska\u0165 presn\u00e9 inform\u00e1cie o svojich pacientoch.\",\"breadcrumb\":{\"@id\":\"https:\/\/facerehab.com\/sk\/pre-kliniky\/#breadcrumb\"},\"inLanguage\":\"sk-SK\",\"potentialAction\":[{\"@type\":\"ReadAction\",\"target\":[\"https:\/\/facerehab.com\/sk\/pre-kliniky\/\"]}]},{\"@type\":\"BreadcrumbList\",\"@id\":\"https:\/\/facerehab.com\/sk\/pre-kliniky\/#breadcrumb\",\"itemListElement\":[{\"@type\":\"ListItem\",\"position\":1,\"name\":\"Home\",\"item\":\"https:\/\/facerehab.com\/sk\/\"},{\"@type\":\"ListItem\",\"position\":2,\"name\":\"Pre kliniky\"}]},{\"@type\":\"WebSite\",\"@id\":\"https:\/\/facerehab.com\/sk\/#website\",\"url\":\"https:\/\/facerehab.com\/sk\/\",\"name\":\"FaceRehab | The Most Advanced Facial Paralysis App\",\"description\":\"The Most Advanced Facial Paralysis App\",\"publisher\":{\"@id\":\"https:\/\/facerehab.com\/sk\/#organization\"},\"alternateName\":\"FaceRehab App | Recover Your Smile With Interactive Facial Exercises\",\"potentialAction\":[{\"@type\":\"SearchAction\",\"target\":{\"@type\":\"EntryPoint\",\"urlTemplate\":\"https:\/\/facerehab.com\/sk\/?s={search_term_string}\"},\"query-input\":\"required name=search_term_string\"}],\"inLanguage\":\"sk-SK\"},{\"@type\":\"Organization\",\"@id\":\"https:\/\/facerehab.com\/sk\/#organization\",\"name\":\"FaceRehab | The Most Advanced Facial Paralysis App\",\"url\":\"https:\/\/facerehab.com\/sk\/\",\"logo\":{\"@type\":\"ImageObject\",\"inLanguage\":\"sk-SK\",\"@id\":\"https:\/\/facerehab.com\/sk\/#\/schema\/logo\/image\/\",\"url\":\"http:\/\/facerehab.com\/wp-content\/uploads\/2021\/12\/FaceRehab.png\",\"contentUrl\":\"http:\/\/facerehab.com\/wp-content\/uploads\/2021\/12\/FaceRehab.png\",\"width\":500,\"height\":150,\"caption\":\"FaceRehab | The Most Advanced Facial Paralysis App\"},\"image\":{\"@id\":\"https:\/\/facerehab.com\/sk\/#\/schema\/logo\/image\/\"},\"sameAs\":[\"https:\/\/www.facebook.com\/facerehab\",\"https:\/\/www.instagram.com\/facerehab_official\"]}]}<\/script>\n<!-- \/ Yoast SEO plugin. -->","yoast_head_json":{"title":"Aplik\u00e1cia FaceRehab | \u00dadaje o pacientoch a inform\u00e1cie pre kliniky","description":"Aplik\u00e1cia FaceRehab poskytuje klinik\u00e1m \u00fadaje o pacientoch a sledovanie ich progresu. Pom\u00e1ha zdravotn\u00edckym pracovn\u00edkom z\u00edska\u0165 presn\u00e9 inform\u00e1cie o svojich pacientoch.","robots":{"index":"index","follow":"follow","max-snippet":"max-snippet:-1","max-image-preview":"max-image-preview:large","max-video-preview":"max-video-preview:-1"},"canonical":"https:\/\/facerehab.com\/sk\/pre-kliniky\/","og_locale":"sk_SK","og_type":"article","og_title":"Aplik\u00e1cia FaceRehab | \u00dadaje o pacientoch a inform\u00e1cie pre kliniky","og_description":"Aplik\u00e1cia FaceRehab poskytuje klinik\u00e1m \u00fadaje o pacientoch a sledovanie ich progresu. Pom\u00e1ha zdravotn\u00edckym pracovn\u00edkom z\u00edska\u0165 presn\u00e9 inform\u00e1cie o svojich pacientoch.","og_url":"https:\/\/facerehab.com\/sk\/pre-kliniky\/","og_site_name":"FaceRehab","article_publisher":"https:\/\/www.facebook.com\/facerehab","article_modified_time":"2023-02-08T08:28:05+00:00","og_image":[{"url":"https:\/\/facerehab.com\/wp-content\/uploads\/elementor\/thumbs\/Image-2022-12-30-at-13.49.20-q0egqwjrw7jzuts6oog0p8kh7nlpv1yt26jcwsm4q8.jpeg"}],"twitter_card":"summary_large_image","twitter_misc":{"Predpokladan\u00fd \u010das \u010d\u00edtania":"2 min\u00faty"},"schema":{"@context":"https:\/\/schema.org","@graph":[{"@type":"WebPage","@id":"https:\/\/facerehab.com\/sk\/pre-kliniky\/","url":"https:\/\/facerehab.com\/sk\/pre-kliniky\/","name":"Aplik\u00e1cia FaceRehab | \u00dadaje o pacientoch a inform\u00e1cie pre kliniky","isPartOf":{"@id":"https:\/\/facerehab.com\/sk\/#website"},"datePublished":"2022-12-27T16:39:02+00:00","dateModified":"2023-02-08T08:28:05+00:00","description":"Aplik\u00e1cia FaceRehab poskytuje klinik\u00e1m \u00fadaje o pacientoch a sledovanie ich progresu. Pom\u00e1ha zdravotn\u00edckym pracovn\u00edkom z\u00edska\u0165 presn\u00e9 inform\u00e1cie o svojich pacientoch.","breadcrumb":{"@id":"https:\/\/facerehab.com\/sk\/pre-kliniky\/#breadcrumb"},"inLanguage":"sk-SK","potentialAction":[{"@type":"ReadAction","target":["https:\/\/facerehab.com\/sk\/pre-kliniky\/"]}]},{"@type":"BreadcrumbList","@id":"https:\/\/facerehab.com\/sk\/pre-kliniky\/#breadcrumb","itemListElement":[{"@type":"ListItem","position":1,"name":"Home","item":"https:\/\/facerehab.com\/sk\/"},{"@type":"ListItem","position":2,"name":"Pre kliniky"}]},{"@type":"WebSite","@id":"https:\/\/facerehab.com\/sk\/#website","url":"https:\/\/facerehab.com\/sk\/","name":"FaceRehab | The Most Advanced Facial Paralysis App","description":"The Most Advanced Facial Paralysis App","publisher":{"@id":"https:\/\/facerehab.com\/sk\/#organization"},"alternateName":"FaceRehab App | Recover Your Smile With Interactive Facial Exercises","potentialAction":[{"@type":"SearchAction","target":{"@type":"EntryPoint","urlTemplate":"https:\/\/facerehab.com\/sk\/?s={search_term_string}"},"query-input":"required name=search_term_string"}],"inLanguage":"sk-SK"},{"@type":"Organization","@id":"https:\/\/facerehab.com\/sk\/#organization","name":"FaceRehab | The Most Advanced Facial Paralysis App","url":"https:\/\/facerehab.com\/sk\/","logo":{"@type":"ImageObject","inLanguage":"sk-SK","@id":"https:\/\/facerehab.com\/sk\/#\/schema\/logo\/image\/","url":"http:\/\/facerehab.com\/wp-content\/uploads\/2021\/12\/FaceRehab.png","contentUrl":"http:\/\/facerehab.com\/wp-content\/uploads\/2021\/12\/FaceRehab.png","width":500,"height":150,"caption":"FaceRehab | The Most Advanced Facial Paralysis App"},"image":{"@id":"https:\/\/facerehab.com\/sk\/#\/schema\/logo\/image\/"},"sameAs":["https:\/\/www.facebook.com\/facerehab","https:\/\/www.instagram.com\/facerehab_official"]}]}},"_links":{"self":[{"href":"https:\/\/facerehab.com\/sk\/wp-json\/wp\/v2\/pages\/4356","targetHints":{"allow":["GET"]}}],"collection":[{"href":"https:\/\/facerehab.com\/sk\/wp-json\/wp\/v2\/pages"}],"about":[{"href":"https:\/\/facerehab.com\/sk\/wp-json\/wp\/v2\/types\/page"}],"author":[{"embeddable":true,"href":"https:\/\/facerehab.com\/sk\/wp-json\/wp\/v2\/users\/1"}],"replies":[{"embeddable":true,"href":"https:\/\/facerehab.com\/sk\/wp-json\/wp\/v2\/comments?post=4356"}],"version-history":[{"count":22,"href":"https:\/\/facerehab.com\/sk\/wp-json\/wp\/v2\/pages\/4356\/revisions"}],"predecessor-version":[{"id":4923,"href":"https:\/\/facerehab.com\/sk\/wp-json\/wp\/v2\/pages\/4356\/revisions\/4923"}],"wp:attachment":[{"href":"https:\/\/facerehab.com\/sk\/wp-json\/wp\/v2\/media?parent=4356"}],"curies":[{"name":"wp","href":"https:\/\/api.w.org\/{rel}","templated":true}]}}