{"id":4842,"date":"2023-02-08T05:05:11","date_gmt":"2023-02-08T04:05:11","guid":{"rendered":"https:\/\/facerehab.com\/?page_id=4842"},"modified":"2024-01-06T03:18:13","modified_gmt":"2024-01-06T02:18:13","slug":"pomoc-v-hmotnej-nudzi","status":"publish","type":"page","link":"https:\/\/facerehab.com\/sk\/pomoc-v-hmotnej-nudzi\/","title":{"rendered":"Pomoc v hmotnej n\u00fadzi"},"content":{"rendered":"\t\t<div data-elementor-type=\"wp-page\" data-elementor-id=\"4842\" class=\"elementor elementor-4842\">\n\t\t\t\t\t\t\t<div class=\"elementor-element elementor-element-62c7c075 e-flex e-con-boxed wpr-particle-no wpr-jarallax-no wpr-parallax-no wpr-sticky-section-no e-con e-parent\" data-id=\"62c7c075\" data-element_type=\"container\" data-settings=\"{&quot;content_width&quot;:&quot;boxed&quot;}\" data-core-v316-plus=\"true\">\n\t\t\t\t\t<div class=\"e-con-inner\">\n\t\t\t\t<div class=\"elementor-element elementor-element-5373fbb1 elementor-hidden-mobile elementor-invisible elementor-widget elementor-widget-heading\" data-id=\"5373fbb1\" data-element_type=\"widget\" data-settings=\"{&quot;_animation&quot;:&quot;slideInLeft&quot;,&quot;_animation_delay&quot;:100}\" data-widget_type=\"heading.default\">\n\t\t\t\t<div class=\"elementor-widget-container\">\n\t\t\t<style>\/*! elementor - v3.18.0 - 20-12-2023 *\/\n.elementor-heading-title{padding:0;margin:0;line-height:1}.elementor-widget-heading .elementor-heading-title[class*=elementor-size-]>a{color:inherit;font-size:inherit;line-height:inherit}.elementor-widget-heading .elementor-heading-title.elementor-size-small{font-size:15px}.elementor-widget-heading .elementor-heading-title.elementor-size-medium{font-size:19px}.elementor-widget-heading .elementor-heading-title.elementor-size-large{font-size:29px}.elementor-widget-heading .elementor-heading-title.elementor-size-xl{font-size:39px}.elementor-widget-heading .elementor-heading-title.elementor-size-xxl{font-size:59px}<\/style><h2 class=\"elementor-heading-title elementor-size-default\">Pr\u00edstup do aplik\u00e1cie zdarma <br>pre \u013eud\u00ed v hmotnej n\u00fadzi<\/h2>\t\t<\/div>\n\t\t\t\t<\/div>\n\t\t\t\t<div class=\"elementor-element elementor-element-2083c2e elementor-hidden-desktop elementor-hidden-tablet elementor-invisible elementor-widget elementor-widget-heading\" data-id=\"2083c2e\" data-element_type=\"widget\" data-settings=\"{&quot;_animation&quot;:&quot;slideInLeft&quot;,&quot;_animation_delay&quot;:100}\" data-widget_type=\"heading.default\">\n\t\t\t\t<div class=\"elementor-widget-container\">\n\t\t\t<h2 class=\"elementor-heading-title elementor-size-default\">Pr\u00edstup do aplik\u00e1cie zdarma pre \u013eud\u00ed <br>v hmotnej n\u00fadzi<\/h2>\t\t<\/div>\n\t\t\t\t<\/div>\n\t\t\t\t\t<\/div>\n\t\t\t\t<\/div>\n\t\t\t\t<section class=\"elementor-section elementor-top-section elementor-element elementor-element-3991c8ac elementor-section-boxed elementor-section-height-default elementor-section-height-default wpr-particle-no wpr-jarallax-no wpr-parallax-no wpr-sticky-section-no\" data-id=\"3991c8ac\" data-element_type=\"section\">\n\t\t\t\t\t\t<div class=\"elementor-container elementor-column-gap-default\">\n\t\t\t\t\t<div class=\"elementor-column elementor-col-50 elementor-top-column elementor-element elementor-element-6c0751a6\" data-id=\"6c0751a6\" data-element_type=\"column\">\n\t\t\t<div class=\"elementor-widget-wrap elementor-element-populated\">\n\t\t\t\t\t\t\t\t<div class=\"elementor-element elementor-element-3b05236e elementor-invisible elementor-widget elementor-widget-text-editor\" data-id=\"3b05236e\" data-element_type=\"widget\" data-settings=\"{&quot;_animation&quot;:&quot;slideInLeft&quot;,&quot;_animation_delay&quot;:200}\" data-widget_type=\"text-editor.default\">\n\t\t\t\t<div class=\"elementor-widget-container\">\n\t\t\t<style>\/*! elementor - v3.18.0 - 20-12-2023 *\/\n.elementor-widget-text-editor.elementor-drop-cap-view-stacked .elementor-drop-cap{background-color:#69727d;color:#fff}.elementor-widget-text-editor.elementor-drop-cap-view-framed .elementor-drop-cap{color:#69727d;border:3px solid;background-color:transparent}.elementor-widget-text-editor:not(.elementor-drop-cap-view-default) .elementor-drop-cap{margin-top:8px}.elementor-widget-text-editor:not(.elementor-drop-cap-view-default) .elementor-drop-cap-letter{width:1em;height:1em}.elementor-widget-text-editor .elementor-drop-cap{float:left;text-align:center;line-height:1;font-size:50px}.elementor-widget-text-editor .elementor-drop-cap-letter{display:inline-block}<\/style>\t\t\t\t<p>Ako spolo\u010dnos\u0165 sa sna\u017e\u00edme pom\u00f4c\u0165 \u013eu\u010fom, ktor\u00ed s\u00fa znev\u00fdhodnen\u00ed a trpia tvarov\u00fdmi ochoreniami, ako je napr. par\u00e9za tv\u00e1rov\u00e9ho nervu. Rozhodli sme sa, \u017ee \u013eu\u010fom v hmotnej n\u00fadzi poskytneme pr\u00edstup do na\u0161ej aplik\u00e1cie FaceRehab \u00faplne zadarmo. Ver\u00edme, \u017ee t\u00fdmto krokom spolo\u010dne zlep\u0161\u00edme kvalitu ich \u017eivota a \u017ee im vr\u00e1time \u00fasmev sp\u00e4\u0165.<\/p>\n<p>Vy\u017eiadajte si licenciu ur\u010den\u00fa pre \u013eud\u00ed v hmotnej n\u00fadzi a d\u00f4chodcov nad 60 rokov. Kliknite na tla\u010didlo<strong> &#8222;Odosla\u0165 \u017eiados\u0165&#8220;<\/strong> a vypl\u0148te formul\u00e1r, v ktorom prehl\u00e1site, \u017ee patr\u00edte aspo\u0148 do jednej z uveden\u00fdch kateg\u00f3ri\u00ed. Po overen\u00ed \u00fadajov v\u00e1m bude poskytnut\u00fd pln\u00fd pr\u00edstup do aplik\u00e1cie FaceRehab.<\/p>\n<p>Ver\u00edme, \u017ee v\u00e1m na\u0161a aplik\u00e1cia pom\u00f4\u017ee a budete sa c\u00edti\u0165 lep\u0161ie. Prajeme v\u00e1m skor\u00e9 uzdravenie!<\/p>\t\t\t\t\t\t<\/div>\n\t\t\t\t<\/div>\n\t\t\t\t<div class=\"elementor-element elementor-element-2524c75 elementor-widget elementor-widget-html\" data-id=\"2524c75\" data-element_type=\"widget\" data-widget_type=\"html.default\">\n\t\t\t\t<div class=\"elementor-widget-container\">\n\t\t\t<script>jQuery( document ).ready(function( $ ){\njQuery('#help_form_sk').on('submit_success', function() {\n\nwindow.dataLayer = window.dataLayer || [];\nwindow.dataLayer.push({'event': 'generate_lead','lead_type': 'contact'\n});\n});\n});<\/script>\t\t<\/div>\n\t\t\t\t<\/div>\n\t\t\t\t<div class=\"elementor-element elementor-element-587ecf6f elementor-button-align-start elementor-invisible elementor-widget elementor-widget-form\" data-id=\"587ecf6f\" data-element_type=\"widget\" data-settings=\"{&quot;button_width&quot;:&quot;50&quot;,&quot;step_next_label&quot;:&quot;Next&quot;,&quot;step_previous_label&quot;:&quot;Previous&quot;,&quot;_animation&quot;:&quot;slideInLeft&quot;,&quot;step_type&quot;:&quot;number_text&quot;,&quot;step_icon_shape&quot;:&quot;circle&quot;}\" data-widget_type=\"form.default\">\n\t\t\t\t<div class=\"elementor-widget-container\">\n\t\t\t<style>\/*! elementor-pro - v3.13.0 - 08-05-2023 *\/\n.elementor-button.elementor-hidden,.elementor-hidden{display:none}.e-form__step{width:100%}.e-form__step:not(.elementor-hidden){display:flex;flex-wrap:wrap}.e-form__buttons{flex-wrap:wrap}.e-form__buttons,.e-form__buttons__wrapper{display:flex}.e-form__indicators{display:flex;justify-content:space-between;align-items:center;flex-wrap:nowrap;font-size:13px;margin-bottom:var(--e-form-steps-indicators-spacing)}.e-form__indicators__indicator{display:flex;flex-direction:column;align-items:center;justify-content:center;flex-basis:0;padding:0 var(--e-form-steps-divider-gap)}.e-form__indicators__indicator__progress{width:100%;position:relative;background-color:var(--e-form-steps-indicator-progress-background-color);border-radius:var(--e-form-steps-indicator-progress-border-radius);overflow:hidden}.e-form__indicators__indicator__progress__meter{width:var(--e-form-steps-indicator-progress-meter-width,0);height:var(--e-form-steps-indicator-progress-height);line-height:var(--e-form-steps-indicator-progress-height);padding-right:15px;border-radius:var(--e-form-steps-indicator-progress-border-radius);background-color:var(--e-form-steps-indicator-progress-color);color:var(--e-form-steps-indicator-progress-meter-color);text-align:right;transition:width .1s linear}.e-form__indicators__indicator:first-child{padding-left:0}.e-form__indicators__indicator:last-child{padding-right:0}.e-form__indicators__indicator--state-inactive{color:var(--e-form-steps-indicator-inactive-primary-color,#c2cbd2)}.e-form__indicators__indicator--state-inactive [class*=indicator--shape-]:not(.e-form__indicators__indicator--shape-none){background-color:var(--e-form-steps-indicator-inactive-secondary-color,#fff)}.e-form__indicators__indicator--state-inactive object,.e-form__indicators__indicator--state-inactive svg{fill:var(--e-form-steps-indicator-inactive-primary-color,#c2cbd2)}.e-form__indicators__indicator--state-active{color:var(--e-form-steps-indicator-active-primary-color,#39b54a);border-color:var(--e-form-steps-indicator-active-secondary-color,#fff)}.e-form__indicators__indicator--state-active [class*=indicator--shape-]:not(.e-form__indicators__indicator--shape-none){background-color:var(--e-form-steps-indicator-active-secondary-color,#fff)}.e-form__indicators__indicator--state-active object,.e-form__indicators__indicator--state-active svg{fill:var(--e-form-steps-indicator-active-primary-color,#39b54a)}.e-form__indicators__indicator--state-completed{color:var(--e-form-steps-indicator-completed-secondary-color,#fff)}.e-form__indicators__indicator--state-completed [class*=indicator--shape-]:not(.e-form__indicators__indicator--shape-none){background-color:var(--e-form-steps-indicator-completed-primary-color,#39b54a)}.e-form__indicators__indicator--state-completed .e-form__indicators__indicator__label{color:var(--e-form-steps-indicator-completed-primary-color,#39b54a)}.e-form__indicators__indicator--state-completed .e-form__indicators__indicator--shape-none{color:var(--e-form-steps-indicator-completed-primary-color,#39b54a);background-color:initial}.e-form__indicators__indicator--state-completed object,.e-form__indicators__indicator--state-completed svg{fill:var(--e-form-steps-indicator-completed-secondary-color,#fff)}.e-form__indicators__indicator__icon{width:var(--e-form-steps-indicator-padding,30px);height:var(--e-form-steps-indicator-padding,30px);font-size:var(--e-form-steps-indicator-icon-size);border-width:1px;border-style:solid;display:flex;justify-content:center;align-items:center;overflow:hidden;margin-bottom:10px}.e-form__indicators__indicator__icon img,.e-form__indicators__indicator__icon object,.e-form__indicators__indicator__icon svg{width:var(--e-form-steps-indicator-icon-size);height:auto}.e-form__indicators__indicator__icon .e-font-icon-svg{height:1em}.e-form__indicators__indicator__number{width:var(--e-form-steps-indicator-padding,30px);height:var(--e-form-steps-indicator-padding,30px);border-width:1px;border-style:solid;display:flex;justify-content:center;align-items:center;margin-bottom:10px}.e-form__indicators__indicator--shape-circle{border-radius:50%}.e-form__indicators__indicator--shape-square{border-radius:0}.e-form__indicators__indicator--shape-rounded{border-radius:5px}.e-form__indicators__indicator--shape-none{border:0}.e-form__indicators__indicator__label{text-align:center}.e-form__indicators__indicator__separator{width:100%;height:var(--e-form-steps-divider-width);background-color:#babfc5}.e-form__indicators--type-icon,.e-form__indicators--type-icon_text,.e-form__indicators--type-number,.e-form__indicators--type-number_text{align-items:flex-start}.e-form__indicators--type-icon .e-form__indicators__indicator__separator,.e-form__indicators--type-icon_text .e-form__indicators__indicator__separator,.e-form__indicators--type-number .e-form__indicators__indicator__separator,.e-form__indicators--type-number_text .e-form__indicators__indicator__separator{margin-top:calc(var(--e-form-steps-indicator-padding, 30px) \/ 2 - var(--e-form-steps-divider-width, 1px) \/ 2)}.elementor-field-type-hidden{display:none}.elementor-field-type-html{display:inline-block}.elementor-login .elementor-lost-password,.elementor-login .elementor-remember-me{font-size:.85em}.elementor-field-type-recaptcha_v3 .elementor-field-label{display:none}.elementor-field-type-recaptcha_v3 .grecaptcha-badge{z-index:1}.elementor-button .elementor-form-spinner{order:3}.elementor-form .elementor-button>span{display:flex;justify-content:center;align-items:center}.elementor-form .elementor-button .elementor-button-text{white-space:normal;flex-grow:0}.elementor-form .elementor-button svg{height:auto}.elementor-form .elementor-button .e-font-icon-svg{height:1em}.elementor-select-wrapper .select-caret-down-wrapper{position:absolute;top:50%;transform:translateY(-50%);inset-inline-end:10px;pointer-events:none;font-size:11px}.elementor-select-wrapper .select-caret-down-wrapper svg{display:unset;width:1em;aspect-ratio:unset;fill:currentColor}.elementor-select-wrapper .select-caret-down-wrapper i{font-size:19px;line-height:2}.elementor-select-wrapper.remove-before:before{content:\"\"!important}<\/style>\t\t<form class=\"elementor-form\" method=\"post\" id=\"help_form_sk\" name=\"Facial Paralysis Study\">\n\t\t\t<input type=\"hidden\" name=\"post_id\" value=\"4842\"\/>\n\t\t\t<input type=\"hidden\" name=\"form_id\" value=\"587ecf6f\"\/>\n\t\t\t<input type=\"hidden\" name=\"referer_title\" value=\"FaceRehab\" \/>\n\n\t\t\t\n\t\t\t<div class=\"elementor-form-fields-wrapper elementor-labels-\">\n\t\t\t\t\t\t\t\t<div class=\"elementor-field-type-text elementor-field-group elementor-column elementor-field-group-field_ca48439 elementor-col-50\">\n\t\t\t\t\t\t\t\t\t\t\t\t<label for=\"form-field-field_ca48439\" class=\"elementor-field-label elementor-screen-only\">\n\t\t\t\t\t\t\t\tMeno\t\t\t\t\t\t\t<\/label>\n\t\t\t\t\t\t\t\t\t\t\t\t\t\t<input size=\"1\" type=\"text\" name=\"form_fields[field_ca48439]\" id=\"form-field-field_ca48439\" class=\"elementor-field elementor-size-sm  elementor-field-textual\" placeholder=\"* Meno\">\n\t\t\t\t\t\t\t\t\t\t\t<\/div>\n\t\t\t\t\t\t\t\t<div class=\"elementor-field-type-email elementor-field-group elementor-column elementor-field-group-email elementor-col-50 elementor-sm-100 elementor-field-required\">\n\t\t\t\t\t\t\t\t\t\t\t\t<label for=\"form-field-email\" class=\"elementor-field-label elementor-screen-only\">\n\t\t\t\t\t\t\t\tEmail\t\t\t\t\t\t\t<\/label>\n\t\t\t\t\t\t\t\t\t\t\t\t\t\t<input size=\"1\" type=\"email\" name=\"form_fields[email]\" id=\"form-field-email\" class=\"elementor-field elementor-size-sm  elementor-field-textual\" placeholder=\"* Email\" required=\"required\" aria-required=\"true\">\n\t\t\t\t\t\t\t\t\t\t\t<\/div>\n\t\t\t\t\t\t\t\t<div class=\"elementor-field-type-checkbox elementor-field-group elementor-column elementor-field-group-field_1ea0f95 elementor-col-100\">\n\t\t\t\t\t\t\t\t\t\t\t\t<label for=\"form-field-field_1ea0f95\" class=\"elementor-field-label elementor-screen-only\">\n\t\t\t\t\t\t\t\tPrehl\u00e1senie\t\t\t\t\t\t\t<\/label>\n\t\t\t\t\t\t<div class=\"elementor-field-subgroup  \"><span class=\"elementor-field-option\"><input type=\"checkbox\" value=\"* Prehlasujem, \u017ee som osoba v hmotnej n\u00fadzi a \/ alebo som d\u00f4chodca nad 60 rokov.\" id=\"form-field-field_1ea0f95-0\" name=\"form_fields[field_1ea0f95]\"> <label for=\"form-field-field_1ea0f95-0\">* Prehlasujem, \u017ee som osoba v hmotnej n\u00fadzi a \/ alebo som d\u00f4chodca nad 60 rokov.<\/label><\/span><\/div>\t\t\t\t<\/div>\n\t\t\t\t\t\t\t\t<div class=\"elementor-field-group elementor-column elementor-field-type-submit elementor-col-50 e-form__buttons\">\n\t\t\t\t\t<button type=\"submit\" class=\"elementor-button elementor-size-sm\">\n\t\t\t\t\t\t<span >\n\t\t\t\t\t\t\t\t\t\t\t\t\t\t\t<span class=\" elementor-button-icon\">\n\t\t\t\t\t\t\t\t\t\t\t\t\t\t\t\t\t\t\t\t\t\t\t\t\t\t<\/span>\n\t\t\t\t\t\t\t\t\t\t\t\t\t\t\t\t\t\t\t\t\t\t<span class=\"elementor-button-text\">Odosla\u0165 \u017eiados\u0165<\/span>\n\t\t\t\t\t\t\t\t\t\t\t\t\t<\/span>\n\t\t\t\t\t<\/button>\n\t\t\t\t<\/div>\n\t\t\t<\/div>\n\t\t<\/form>\n\t\t\t\t<\/div>\n\t\t\t\t<\/div>\n\t\t\t\t\t<\/div>\n\t\t<\/div>\n\t\t\t\t<div class=\"elementor-column elementor-col-50 elementor-top-column elementor-element elementor-element-30077453\" data-id=\"30077453\" data-element_type=\"column\">\n\t\t\t<div class=\"elementor-widget-wrap elementor-element-populated\">\n\t\t\t\t\t\t\t\t<div class=\"elementor-element elementor-element-c304da8 elementor-widget elementor-widget-image\" data-id=\"c304da8\" data-element_type=\"widget\" data-widget_type=\"image.default\">\n\t\t\t\t<div class=\"elementor-widget-container\">\n\t\t\t<style>\/*! elementor - v3.18.0 - 20-12-2023 *\/\n.elementor-widget-image{text-align:center}.elementor-widget-image a{display:inline-block}.elementor-widget-image a img[src$=\".svg\"]{width:48px}.elementor-widget-image img{vertical-align:middle;display:inline-block}<\/style>\t\t\t\t\t\t\t\t\t\t\t\t<img fetchpriority=\"high\" decoding=\"async\" width=\"500\" height=\"1024\" src=\"https:\/\/facerehab.com\/wp-content\/uploads\/2023\/01\/Facerehab-screen-app-smile-training-1-500x1024.jpg\" class=\"attachment-large size-large wp-image-4315\" alt=\"\" srcset=\"https:\/\/facerehab.com\/wp-content\/uploads\/2023\/01\/Facerehab-screen-app-smile-training-1-500x1024.jpg 500w, https:\/\/facerehab.com\/wp-content\/uploads\/2023\/01\/Facerehab-screen-app-smile-training-1-146x300.jpg 146w, https:\/\/facerehab.com\/wp-content\/uploads\/2023\/01\/Facerehab-screen-app-smile-training-1-768x1574.jpg 768w, https:\/\/facerehab.com\/wp-content\/uploads\/2023\/01\/Facerehab-screen-app-smile-training-1-749x1536.jpg 749w, https:\/\/facerehab.com\/wp-content\/uploads\/2023\/01\/Facerehab-screen-app-smile-training-1.jpg 999w\" sizes=\"(max-width: 500px) 100vw, 500px\" \/>\t\t\t\t\t\t\t\t\t\t\t\t\t\t\t<\/div>\n\t\t\t\t<\/div>\n\t\t\t\t\t<\/div>\n\t\t<\/div>\n\t\t\t\t\t\t\t<\/div>\n\t\t<\/section>\n\t\t\t\t\t\t\t<\/div>\n\t\t","protected":false},"excerpt":{"rendered":"<p>Pr\u00edstup do aplik\u00e1cie zdarma pre \u013eud\u00ed v hmotnej n\u00fadzi Pr\u00edstup do aplik\u00e1cie zdarma pre \u013eud\u00ed v hmotnej n\u00fadzi Ako spolo\u010dnos\u0165 sa sna\u017e\u00edme pom\u00f4c\u0165 \u013eu\u010fom, ktor\u00ed s\u00fa znev\u00fdhodnen\u00ed a trpia tvarov\u00fdmi ochoreniami, ako je napr. par\u00e9za tv\u00e1rov\u00e9ho nervu. Rozhodli sme sa, \u017ee \u013eu\u010fom v hmotnej n\u00fadzi poskytneme pr\u00edstup do na\u0161ej aplik\u00e1cie FaceRehab \u00faplne zadarmo. Ver\u00edme, \u017ee [&hellip;]<\/p>\n","protected":false},"author":1,"featured_media":0,"parent":0,"menu_order":0,"comment_status":"closed","ping_status":"closed","template":"","meta":{"footnotes":""},"class_list":["post-4842","page","type-page","status-publish","hentry"],"yoast_head":"<!-- This site is optimized with the Yoast SEO plugin v21.9 - https:\/\/yoast.com\/wordpress\/plugins\/seo\/ -->\n<title>FaceRehab | The Most Advanced Facial Paralysis App<\/title>\n<meta name=\"description\" content=\"Are you suffering from facial paralysis, dysfunction of the temporomandibular joint, or another facial problem? FaceRehab can help.\" \/>\n<meta name=\"robots\" content=\"index, follow, max-snippet:-1, max-image-preview:large, max-video-preview:-1\" \/>\n<link rel=\"canonical\" href=\"https:\/\/facerehab.com\/sk\/pomoc-v-hmotnej-nudzi\/\" \/>\n<meta property=\"og:locale\" content=\"sk_SK\" \/>\n<meta property=\"og:type\" content=\"article\" \/>\n<meta property=\"og:title\" content=\"FaceRehab | The Most Advanced Facial Paralysis App\" \/>\n<meta property=\"og:description\" content=\"Are you suffering from facial paralysis, dysfunction of the temporomandibular joint, or another facial problem? FaceRehab can help.\" \/>\n<meta property=\"og:url\" content=\"https:\/\/facerehab.com\/sk\/pomoc-v-hmotnej-nudzi\/\" \/>\n<meta property=\"og:site_name\" content=\"FaceRehab\" \/>\n<meta property=\"article:publisher\" content=\"https:\/\/www.facebook.com\/facerehab\" \/>\n<meta property=\"article:modified_time\" content=\"2024-01-06T02:18:13+00:00\" \/>\n<meta property=\"og:image\" content=\"https:\/\/facerehab.com\/wp-content\/uploads\/2023\/01\/Facerehab-screen-app-smile-training-1-500x1024.jpg\" \/>\n<meta name=\"twitter:card\" content=\"summary_large_image\" \/>\n<meta name=\"twitter:label1\" content=\"Predpokladan\u00fd \u010das \u010d\u00edtania\" \/>\n\t<meta name=\"twitter:data1\" content=\"2 min\u00faty\" \/>\n<script type=\"application\/ld+json\" class=\"yoast-schema-graph\">{\"@context\":\"https:\/\/schema.org\",\"@graph\":[{\"@type\":\"WebPage\",\"@id\":\"https:\/\/facerehab.com\/sk\/pomoc-v-hmotnej-nudzi\/\",\"url\":\"https:\/\/facerehab.com\/sk\/pomoc-v-hmotnej-nudzi\/\",\"name\":\"FaceRehab | The Most Advanced Facial Paralysis App\",\"isPartOf\":{\"@id\":\"https:\/\/facerehab.com\/sk\/#website\"},\"datePublished\":\"2023-02-08T04:05:11+00:00\",\"dateModified\":\"2024-01-06T02:18:13+00:00\",\"description\":\"Are you suffering from facial paralysis, dysfunction of the temporomandibular joint, or another facial problem? FaceRehab can help.\",\"breadcrumb\":{\"@id\":\"https:\/\/facerehab.com\/sk\/pomoc-v-hmotnej-nudzi\/#breadcrumb\"},\"inLanguage\":\"sk-SK\",\"potentialAction\":[{\"@type\":\"ReadAction\",\"target\":[\"https:\/\/facerehab.com\/sk\/pomoc-v-hmotnej-nudzi\/\"]}]},{\"@type\":\"BreadcrumbList\",\"@id\":\"https:\/\/facerehab.com\/sk\/pomoc-v-hmotnej-nudzi\/#breadcrumb\",\"itemListElement\":[{\"@type\":\"ListItem\",\"position\":1,\"name\":\"Home\",\"item\":\"https:\/\/facerehab.com\/sk\/\"},{\"@type\":\"ListItem\",\"position\":2,\"name\":\"Pomoc v hmotnej n\u00fadzi\"}]},{\"@type\":\"WebSite\",\"@id\":\"https:\/\/facerehab.com\/sk\/#website\",\"url\":\"https:\/\/facerehab.com\/sk\/\",\"name\":\"FaceRehab | The Most Advanced Facial Paralysis App\",\"description\":\"The Most Advanced Facial Paralysis App\",\"publisher\":{\"@id\":\"https:\/\/facerehab.com\/sk\/#organization\"},\"alternateName\":\"FaceRehab App | Recover Your Smile With Interactive Facial Exercises\",\"potentialAction\":[{\"@type\":\"SearchAction\",\"target\":{\"@type\":\"EntryPoint\",\"urlTemplate\":\"https:\/\/facerehab.com\/sk\/?s={search_term_string}\"},\"query-input\":\"required name=search_term_string\"}],\"inLanguage\":\"sk-SK\"},{\"@type\":\"Organization\",\"@id\":\"https:\/\/facerehab.com\/sk\/#organization\",\"name\":\"FaceRehab | The Most Advanced Facial Paralysis App\",\"url\":\"https:\/\/facerehab.com\/sk\/\",\"logo\":{\"@type\":\"ImageObject\",\"inLanguage\":\"sk-SK\",\"@id\":\"https:\/\/facerehab.com\/sk\/#\/schema\/logo\/image\/\",\"url\":\"http:\/\/facerehab.com\/wp-content\/uploads\/2021\/12\/FaceRehab.png\",\"contentUrl\":\"http:\/\/facerehab.com\/wp-content\/uploads\/2021\/12\/FaceRehab.png\",\"width\":500,\"height\":150,\"caption\":\"FaceRehab | The Most Advanced Facial Paralysis App\"},\"image\":{\"@id\":\"https:\/\/facerehab.com\/sk\/#\/schema\/logo\/image\/\"},\"sameAs\":[\"https:\/\/www.facebook.com\/facerehab\",\"https:\/\/www.instagram.com\/facerehab_official\"]}]}<\/script>\n<!-- \/ Yoast SEO plugin. -->","yoast_head_json":{"title":"FaceRehab | The Most Advanced Facial Paralysis App","description":"Are you suffering from facial paralysis, dysfunction of the temporomandibular joint, or another facial problem? FaceRehab can help.","robots":{"index":"index","follow":"follow","max-snippet":"max-snippet:-1","max-image-preview":"max-image-preview:large","max-video-preview":"max-video-preview:-1"},"canonical":"https:\/\/facerehab.com\/sk\/pomoc-v-hmotnej-nudzi\/","og_locale":"sk_SK","og_type":"article","og_title":"FaceRehab | The Most Advanced Facial Paralysis App","og_description":"Are you suffering from facial paralysis, dysfunction of the temporomandibular joint, or another facial problem? FaceRehab can help.","og_url":"https:\/\/facerehab.com\/sk\/pomoc-v-hmotnej-nudzi\/","og_site_name":"FaceRehab","article_publisher":"https:\/\/www.facebook.com\/facerehab","article_modified_time":"2024-01-06T02:18:13+00:00","og_image":[{"url":"https:\/\/facerehab.com\/wp-content\/uploads\/2023\/01\/Facerehab-screen-app-smile-training-1-500x1024.jpg"}],"twitter_card":"summary_large_image","twitter_misc":{"Predpokladan\u00fd \u010das \u010d\u00edtania":"2 min\u00faty"},"schema":{"@context":"https:\/\/schema.org","@graph":[{"@type":"WebPage","@id":"https:\/\/facerehab.com\/sk\/pomoc-v-hmotnej-nudzi\/","url":"https:\/\/facerehab.com\/sk\/pomoc-v-hmotnej-nudzi\/","name":"FaceRehab | The Most Advanced Facial Paralysis App","isPartOf":{"@id":"https:\/\/facerehab.com\/sk\/#website"},"datePublished":"2023-02-08T04:05:11+00:00","dateModified":"2024-01-06T02:18:13+00:00","description":"Are you suffering from facial paralysis, dysfunction of the temporomandibular joint, or another facial problem? FaceRehab can help.","breadcrumb":{"@id":"https:\/\/facerehab.com\/sk\/pomoc-v-hmotnej-nudzi\/#breadcrumb"},"inLanguage":"sk-SK","potentialAction":[{"@type":"ReadAction","target":["https:\/\/facerehab.com\/sk\/pomoc-v-hmotnej-nudzi\/"]}]},{"@type":"BreadcrumbList","@id":"https:\/\/facerehab.com\/sk\/pomoc-v-hmotnej-nudzi\/#breadcrumb","itemListElement":[{"@type":"ListItem","position":1,"name":"Home","item":"https:\/\/facerehab.com\/sk\/"},{"@type":"ListItem","position":2,"name":"Pomoc v hmotnej n\u00fadzi"}]},{"@type":"WebSite","@id":"https:\/\/facerehab.com\/sk\/#website","url":"https:\/\/facerehab.com\/sk\/","name":"FaceRehab | The Most Advanced Facial Paralysis App","description":"The Most Advanced Facial Paralysis App","publisher":{"@id":"https:\/\/facerehab.com\/sk\/#organization"},"alternateName":"FaceRehab App | Recover Your Smile With Interactive Facial Exercises","potentialAction":[{"@type":"SearchAction","target":{"@type":"EntryPoint","urlTemplate":"https:\/\/facerehab.com\/sk\/?s={search_term_string}"},"query-input":"required name=search_term_string"}],"inLanguage":"sk-SK"},{"@type":"Organization","@id":"https:\/\/facerehab.com\/sk\/#organization","name":"FaceRehab | The Most Advanced Facial Paralysis App","url":"https:\/\/facerehab.com\/sk\/","logo":{"@type":"ImageObject","inLanguage":"sk-SK","@id":"https:\/\/facerehab.com\/sk\/#\/schema\/logo\/image\/","url":"http:\/\/facerehab.com\/wp-content\/uploads\/2021\/12\/FaceRehab.png","contentUrl":"http:\/\/facerehab.com\/wp-content\/uploads\/2021\/12\/FaceRehab.png","width":500,"height":150,"caption":"FaceRehab | The Most Advanced Facial Paralysis App"},"image":{"@id":"https:\/\/facerehab.com\/sk\/#\/schema\/logo\/image\/"},"sameAs":["https:\/\/www.facebook.com\/facerehab","https:\/\/www.instagram.com\/facerehab_official"]}]}},"_links":{"self":[{"href":"https:\/\/facerehab.com\/sk\/wp-json\/wp\/v2\/pages\/4842","targetHints":{"allow":["GET"]}}],"collection":[{"href":"https:\/\/facerehab.com\/sk\/wp-json\/wp\/v2\/pages"}],"about":[{"href":"https:\/\/facerehab.com\/sk\/wp-json\/wp\/v2\/types\/page"}],"author":[{"embeddable":true,"href":"https:\/\/facerehab.com\/sk\/wp-json\/wp\/v2\/users\/1"}],"replies":[{"embeddable":true,"href":"https:\/\/facerehab.com\/sk\/wp-json\/wp\/v2\/comments?post=4842"}],"version-history":[{"count":31,"href":"https:\/\/facerehab.com\/sk\/wp-json\/wp\/v2\/pages\/4842\/revisions"}],"predecessor-version":[{"id":5750,"href":"https:\/\/facerehab.com\/sk\/wp-json\/wp\/v2\/pages\/4842\/revisions\/5750"}],"wp:attachment":[{"href":"https:\/\/facerehab.com\/sk\/wp-json\/wp\/v2\/media?parent=4842"}],"curies":[{"name":"wp","href":"https:\/\/api.w.org\/{rel}","templated":true}]}}